{"id":26560,"date":"2019-08-24T00:30:12","date_gmt":"2019-08-23T22:30:12","guid":{"rendered":"https:\/\/test.tivat.travel\/?page_id=26560"},"modified":"2025-06-06T10:43:28","modified_gmt":"2025-06-06T08:43:28","slug":"bus","status":"publish","type":"page","link":"https:\/\/test.tivat.travel\/en\/city-info\/bus\/","title":{"rendered":"Bus"},"content":{"rendered":"<p><strong>Bus station<\/strong><br \/>\ninfo phone: 032 66 33 66<br \/>\n<strong>Working hours:<\/strong> 07:00 &#8211; 21:30<\/p>\n<ul>\n<li>Travel Schedule:\u00a0 Tivat &#8211; Lepetane &#8211; Tivat <a href=\"https:\/\/test.tivat.travel\/wp-content\/uploads\/2016\/07\/tivat-lepetane-tivat.pdf\" target=\"_blank\" rel=\"noopener noreferrer\">PDF<\/a><\/li>\n<li>Travel Schedule:\u00a0 Tivat &#8211; Gradio\u0161nica &#8211; Tivat <a href=\"https:\/\/test.tivat.travel\/wp-content\/uploads\/2016\/07\/tivat-gradiosnica-tivat.pdf\" target=\"_blank\" rel=\"noopener noreferrer\">PDF<\/a><\/li>\n<\/ul>\n<table>\n<tbody>\n<tr>\n<td width=\"310\">Kra\u0161i\u0107i \u2013 Tivat<\/td>\n<td width=\"310\">Tivat &#8211; Kra\u0161i\u0107i<\/td>\n<\/tr>\n<tr>\n<td width=\"310\">6:40<\/td>\n<td width=\"310\">7:30<\/td>\n<\/tr>\n<tr>\n<td width=\"310\">8:15<\/td>\n<td width=\"310\">10:45<\/td>\n<\/tr>\n<tr>\n<td width=\"310\">11:30<\/td>\n<td width=\"310\">12:30<\/td>\n<\/tr>\n<tr>\n<td width=\"310\">13:00<\/td>\n<td width=\"310\">13:40<\/td>\n<\/tr>\n<tr>\n<td width=\"310\">14:15<\/td>\n<td width=\"310\">17:15<\/td>\n<\/tr>\n<tr>\n<td width=\"310\">17:45<\/td>\n<td width=\"310\">19:00<\/td>\n<\/tr>\n<tr>\n<td width=\"310\">20:00<\/td>\n<td width=\"310\">20:30<\/td>\n<\/tr>\n<tr>\n<td width=\"310\">Ostrvo Cvije\u0107a &#8211; Tivat<\/td>\n<td width=\"310\">Tivat \u2013 Ostrvo Cvije\u0107a<\/td>\n<\/tr>\n<tr>\n<td width=\"310\">07:00<\/td>\n<td width=\"310\">12:00<\/td>\n<\/tr>\n<tr>\n<td width=\"310\">12:15<\/td>\n<td width=\"310\">13:40<\/td>\n<\/tr>\n<tr>\n<td width=\"310\">18:45<\/td>\n<td width=\"310\">18:30<\/td>\n<\/tr>\n<\/tbody>\n<\/table>\n<table>\n<tbody>\n<tr>\n<td width=\"310\">Plavi Horizonti &#8211; Tivat<\/td>\n<td width=\"310\">Tivat \u2013 Plavi Horizonti<\/td>\n<\/tr>\n<tr>\n<td width=\"310\">06:45<\/td>\n<td width=\"310\">07:30<\/td>\n<\/tr>\n<tr>\n<td width=\"310\">08:30<\/td>\n<td width=\"310\">09:00<\/td>\n<\/tr>\n<tr>\n<td width=\"310\">10:00<\/td>\n<td width=\"310\">10:45<\/td>\n<\/tr>\n<tr>\n<td width=\"310\">11:40<\/td>\n<td width=\"310\">12:30<\/td>\n<\/tr>\n<tr>\n<td width=\"310\">13:15<\/td>\n<td width=\"310\">13:40<\/td>\n<\/tr>\n<tr>\n<td width=\"310\">14:30<\/td>\n<td width=\"310\">15:00<\/td>\n<\/tr>\n<tr>\n<td width=\"310\">16:00<\/td>\n<td width=\"310\">17:15<\/td>\n<\/tr>\n<tr>\n<td width=\"310\">18:00<\/td>\n<td width=\"310\">19:00<\/td>\n<\/tr>\n<tr>\n<td width=\"310\">20:00<\/td>\n<td width=\"310\">21:15<\/td>\n<\/tr>\n<tr>\n<td width=\"310\">22:00<\/td>\n<td width=\"310\"><\/td>\n<\/tr>\n<\/tbody>\n<\/table>\n<p>&nbsp;<\/p>\n<p>Regular updates and Travel schedule for domestic and international travels have been provided by\u00a0 <a href=\"http:\/\/www.busticket4.me\/\" data-saferedirecturl=\"https:\/\/www.google.com\/url?hl=hr&amp;q=http:\/\/www.busticket4.me\/&amp;source=gmail&amp;ust=1473942206647000&amp;usg=AFQjCNFpydH59anTVkF3tZH4_uo_P9L7Yw\">www.busticket4.me<\/a><\/p>\n<p>Search for your travel destination<br \/>\n<iframe id=\"bus_pretraga\" data-src=\"https:\/\/busticket4.me\/affiliate\/stanice.php?%20a=302&amp;hv=4699e0&amp;br=5&amp;bd=1-6f7b91\" width=\"560\" height=\"600\" frameborder=\"0\" allowfullscreen=\"allowfullscreen\" src=\"data:image\/svg+xml;base64,PHN2ZyB3aWR0aD0iMSIgaGVpZ2h0PSIxIiB4bWxucz0iaHR0cDovL3d3dy53My5vcmcvMjAwMC9zdmciPjwvc3ZnPg==\" class=\"lazyload\" data-load-mode=\"1\"><\/iframe><\/p>\n","protected":false},"excerpt":{"rendered":"<p>Bus station info phone: 032 66 33 66 Working hours: 07:00 &#8211; 21:30 Travel Schedule:\u00a0 Tivat &#8211; Lepetane &#8211; Tivat PDF Travel Schedule:\u00a0 Tivat &#8211; Gradio\u0161nica &#8211; Tivat PDF Kra\u0161i\u0107i \u2013 Tivat Tivat &#8211; Kra\u0161i\u0107i 6:40 7:30 8:15 10:45 11:30 12:30 13:00 13:40 14:15 17:15 17:45 19:00 20:00 20:30 Ostrvo Cvije\u0107a &#8211; Tivat Tivat \u2013 [&hellip;]<\/p>\n","protected":false},"author":4,"featured_media":0,"parent":36,"menu_order":0,"comment_status":"closed","ping_status":"closed","template":"","meta":{"_acf_changed":false,"footnotes":""},"class_list":["post-26560","page","type-page","status-publish","hentry"],"acf":[],"_links":{"self":[{"href":"https:\/\/test.tivat.travel\/en\/wp-json\/wp\/v2\/pages\/26560","targetHints":{"allow":["GET"]}}],"collection":[{"href":"https:\/\/test.tivat.travel\/en\/wp-json\/wp\/v2\/pages"}],"about":[{"href":"https:\/\/test.tivat.travel\/en\/wp-json\/wp\/v2\/types\/page"}],"author":[{"embeddable":true,"href":"https:\/\/test.tivat.travel\/en\/wp-json\/wp\/v2\/users\/4"}],"replies":[{"embeddable":true,"href":"https:\/\/test.tivat.travel\/en\/wp-json\/wp\/v2\/comments?post=26560"}],"version-history":[{"count":2,"href":"https:\/\/test.tivat.travel\/en\/wp-json\/wp\/v2\/pages\/26560\/revisions"}],"predecessor-version":[{"id":26562,"href":"https:\/\/test.tivat.travel\/en\/wp-json\/wp\/v2\/pages\/26560\/revisions\/26562"}],"up":[{"embeddable":true,"href":"https:\/\/test.tivat.travel\/en\/wp-json\/wp\/v2\/pages\/36"}],"wp:attachment":[{"href":"https:\/\/test.tivat.travel\/en\/wp-json\/wp\/v2\/media?parent=26560"}],"curies":[{"name":"wp","href":"https:\/\/api.w.org\/{rel}","templated":true}]}}